{"id":19575,"date":"2024-06-12T15:29:51","date_gmt":"2024-06-12T13:29:51","guid":{"rendered":"http:\/\/baltchem.com.pl\/home\/"},"modified":"2025-10-28T11:02:12","modified_gmt":"2025-10-28T10:02:12","slug":"home","status":"publish","type":"page","link":"https:\/\/baltchem.com.pl\/en\/","title":{"rendered":"Home"},"content":{"rendered":"\t\t<div data-elementor-type=\"wp-page\" data-elementor-id=\"19575\" class=\"elementor elementor-19575 elementor-15802\" data-elementor-post-type=\"page\">\n\t\t\t\t<div class=\"elementor-element elementor-element-93126fc e-con-full e-flex e-con e-child\" data-id=\"93126fc\" data-element_type=\"container\" data-settings=\"{&quot;background_background&quot;:&quot;classic&quot;}\">\n\t\t<div class=\"elementor-element elementor-element-462e1c6 e-con-full e-flex e-con e-child\" data-id=\"462e1c6\" data-element_type=\"container\">\n\t\t\t\t<div class=\"elementor-element elementor-element-a085c4e elementor-widget-tablet__width-inherit elementor-widget__width-initial elementor-widget elementor-widget-the7-heading\" data-id=\"a085c4e\" data-element_type=\"widget\" data-widget_type=\"the7-heading.default\">\n\t\t\t\t<div class=\"elementor-widget-container\">\n\t\t\t\t\t<h2 class=\"the7-heading-title elementor-size-default\">Reloading and storage are our specialty<\/h2>\t\t\t\t<\/div>\n\t\t\t\t<\/div>\n\t\t\t\t<div class=\"elementor-element elementor-element-cc555c5 elementor-widget-tablet__width-inherit elementor-widget__width-initial elementor-widget elementor-widget-text-editor\" data-id=\"cc555c5\" data-element_type=\"widget\" data-widget_type=\"text-editor.default\">\n\t\t\t\t\t\t\t\t\t<p>Trust the specialists in fuel reloading and storage<\/p>\t\t\t\t\t\t\t\t<\/div>\n\t\t\t\t<div class=\"elementor-element elementor-element-5047967 elementor-align-left elementor-widget elementor-widget-the7_button_widget\" data-id=\"5047967\" data-element_type=\"widget\" data-widget_type=\"the7_button_widget.default\">\n\t\t\t\t<div class=\"elementor-widget-container\">\n\t\t\t\t\t<div class=\"elementor-button-wrapper\"><a href=\"https:\/\/baltchem.com.pl\/en\/about-us\/\" class=\"box-button elementor-button elementor-size-xl\">Learn more<\/a><\/div>\t\t\t\t<\/div>\n\t\t\t\t<\/div>\n\t\t\t\t<\/div>\n\t\t\t\t<\/div>\n\t\t<div class=\"elementor-element elementor-element-7feda75 elementor-hidden-widescreen elementor-hidden-desktop elementor-hidden-laptop elementor-hidden-tablet_extra elementor-hidden-tablet e-flex e-con-boxed e-con e-parent\" data-id=\"7feda75\" data-element_type=\"container\" data-settings=\"{&quot;background_background&quot;:&quot;gradient&quot;,&quot;shape_divider_bottom&quot;:&quot;mountains&quot;}\">\n\t\t\t\t\t<div class=\"e-con-inner\">\n\t\t\t\t<div class=\"elementor-shape elementor-shape-bottom\" aria-hidden=\"true\" data-negative=\"false\">\n\t\t\t<svg xmlns=\"http:\/\/www.w3.org\/2000\/svg\" viewBox=\"0 0 1000 100\" preserveAspectRatio=\"none\">\n\t<path class=\"elementor-shape-fill\" opacity=\"0.33\" d=\"M473,67.3c-203.9,88.3-263.1-34-320.3,0C66,119.1,0,59.7,0,59.7V0h1000v59.7 c0,0-62.1,26.1-94.9,29.3c-32.8,3.3-62.8-12.3-75.8-22.1C806,49.6,745.3,8.7,694.9,4.7S492.4,59,473,67.3z\"\/>\n\t<path class=\"elementor-shape-fill\" opacity=\"0.66\" d=\"M734,67.3c-45.5,0-77.2-23.2-129.1-39.1c-28.6-8.7-150.3-10.1-254,39.1 s-91.7-34.4-149.2,0C115.7,118.3,0,39.8,0,39.8V0h1000v36.5c0,0-28.2-18.5-92.1-18.5C810.2,18.1,775.7,67.3,734,67.3z\"\/>\n\t<path class=\"elementor-shape-fill\" d=\"M766.1,28.9c-200-57.5-266,65.5-395.1,19.5C242,1.8,242,5.4,184.8,20.6C128,35.8,132.3,44.9,89.9,52.5C28.6,63.7,0,0,0,0 h1000c0,0-9.9,40.9-83.6,48.1S829.6,47,766.1,28.9z\"\/>\n<\/svg>\t\t<\/div>\n\t\t\t\t\t<\/div>\n\t\t\t\t<\/div>\n\t\t<div class=\"elementor-element elementor-element-3fa0034 e-con-full e-flex e-con e-parent\" data-id=\"3fa0034\" data-element_type=\"container\">\n\t\t<div class=\"elementor-element elementor-element-1bf5143 e-flex e-con-boxed e-con e-child\" data-id=\"1bf5143\" data-element_type=\"container\">\n\t\t\t\t\t<div class=\"e-con-inner\">\n\t\t\t\t<div class=\"elementor-element elementor-element-218a54e elementor-widget__width-initial content-align-left the7-hover-visibility-disabled preserve-img-ratio-cover transform-overlay-yes exceeding-frame-yes elementor-widget elementor-widget-the7-image-widget\" data-id=\"218a54e\" data-element_type=\"widget\" data-settings=\"{&quot;hover_visibility&quot;:&quot;disabled&quot;}\" data-widget_type=\"the7-image-widget.default\">\n\t\t\t\t<div class=\"elementor-widget-container\">\n\t\t\t\t\t<div class=\"the7-image-container\"><div class=\"the7-image-wrapper the7-elementor-widget the7-transform-container\"><div class=\"post-thumbnail-rollover layzr-bg img-css-resize-wrapper\"><img fetchpriority=\"high\" decoding=\"async\" width=\"2560\" height=\"1919\" src=\"data:image\/svg+xml,%3Csvg%20xmlns%3D&#039;http%3A%2F%2Fwww.w3.org%2F2000%2Fsvg&#039;%20viewBox%3D&#039;0%200%202560%201919&#039;%2F%3E\" class=\"attachment-full size-full preload-me aspect lazy lazy-load\" alt=\"\" sizes=\"(max-width: 2560px) 100vw, 2560px\" style=\"--ratio: 2560 \/ 1919;\" data-src=\"https:\/\/baltchem.com.pl\/wp-content\/uploads\/2025\/10\/DJI_0137-scaled.jpg\" loading=\"eager\" data-srcset=\"https:\/\/baltchem.com.pl\/wp-content\/uploads\/2025\/10\/DJI_0137-scaled.jpg 2560w, https:\/\/baltchem.com.pl\/wp-content\/uploads\/2025\/10\/DJI_0137-300x225.jpg 300w, https:\/\/baltchem.com.pl\/wp-content\/uploads\/2025\/10\/DJI_0137-1024x768.jpg 1024w, https:\/\/baltchem.com.pl\/wp-content\/uploads\/2025\/10\/DJI_0137-768x576.jpg 768w, https:\/\/baltchem.com.pl\/wp-content\/uploads\/2025\/10\/DJI_0137-1536x1151.jpg 1536w, https:\/\/baltchem.com.pl\/wp-content\/uploads\/2025\/10\/DJI_0137-2048x1535.jpg 2048w\" \/><\/div><\/div><\/div>\t\t\t\t<\/div>\n\t\t\t\t<\/div>\n\t\t<div class=\"elementor-element elementor-element-a3196d3 e-con-full e-flex e-con e-child\" data-id=\"a3196d3\" data-element_type=\"container\">\n\t\t\t\t<div class=\"elementor-element elementor-element-a6bf6e4 elementor-widget-tablet__width-inherit elementor-widget elementor-widget-the7-heading\" data-id=\"a6bf6e4\" data-element_type=\"widget\" data-widget_type=\"the7-heading.default\">\n\t\t\t\t<div class=\"elementor-widget-container\">\n\t\t\t\t\t<h2 class=\"the7-heading-title elementor-size-default\">Baltchem S.A. Chemical Company in Szczecin<\/h2>\t\t\t\t<\/div>\n\t\t\t\t<\/div>\n\t\t\t\t<div class=\"elementor-element elementor-element-33046a6 elementor-widget-tablet__width-inherit elementor-widget elementor-widget-text-editor\" data-id=\"33046a6\" data-element_type=\"widget\" data-widget_type=\"text-editor.default\">\n\t\t\t\t\t\t\t\t\t<p>For over 20 years we have been reloading, storing and distributing liquids fuels. Our terminals in Szczecin and \u015awinouj\u015bcie ensure the efficient and safe handling of petroleum products in compliance with the highest quality and environmental protection standards. <\/p>\t\t\t\t\t\t\t\t<\/div>\n\t\t\t\t<\/div>\n\t\t\t\t\t<\/div>\n\t\t\t\t<\/div>\n\t\t\t\t<\/div>\n\t\t<div class=\"elementor-element elementor-element-1bc5953 e-con-full e-flex e-con e-parent\" data-id=\"1bc5953\" data-element_type=\"container\">\n\t\t<div class=\"elementor-element elementor-element-2866775 e-flex e-con-boxed e-con e-child\" data-id=\"2866775\" data-element_type=\"container\">\n\t\t\t\t\t<div class=\"e-con-inner\">\n\t\t<div class=\"elementor-element elementor-element-81d55d6 e-con-full e-flex e-con e-child\" data-id=\"81d55d6\" data-element_type=\"container\">\n\t\t\t\t<div class=\"elementor-element elementor-element-9e2f906 elementor-widget-tablet__width-inherit elementor-widget elementor-widget-the7-heading\" data-id=\"9e2f906\" data-element_type=\"widget\" data-widget_type=\"the7-heading.default\">\n\t\t\t\t<div class=\"elementor-widget-container\">\n\t\t\t\t\t<h2 class=\"the7-heading-title elementor-size-default\">Why we ?<\/h2>\t\t\t\t<\/div>\n\t\t\t\t<\/div>\n\t\t\t\t<div class=\"elementor-element elementor-element-6ea3cce elementor-widget-tablet__width-inherit elementor-widget elementor-widget-text-editor\" data-id=\"6ea3cce\" data-element_type=\"widget\" data-widget_type=\"text-editor.default\">\n\t\t\t\t\t\t\t\t\t<p>Advantageous location, extensive infrastructure including its own quays, liquid product storage facility, railway sidings, viaducts, pumping station and technological pipeline networks.<\/p>\t\t\t\t\t\t\t\t<\/div>\n\t\t\t\t<div class=\"elementor-element elementor-element-1eeb89d elementor-widget elementor-widget-image\" data-id=\"1eeb89d\" data-element_type=\"widget\" data-widget_type=\"image.default\">\n\t\t\t\t\t\t\t\t\t\t\t\t\t\t\t<img decoding=\"async\" width=\"1024\" height=\"768\" src=\"https:\/\/baltchem.com.pl\/wp-content\/uploads\/2025\/10\/DJI_0274-1024x768.jpg\" class=\"attachment-large size-large wp-image-19578\" alt=\"\" srcset=\"https:\/\/baltchem.com.pl\/wp-content\/uploads\/2025\/10\/DJI_0274-1024x768.jpg 1024w, https:\/\/baltchem.com.pl\/wp-content\/uploads\/2025\/10\/DJI_0274-300x225.jpg 300w, https:\/\/baltchem.com.pl\/wp-content\/uploads\/2025\/10\/DJI_0274-768x576.jpg 768w, https:\/\/baltchem.com.pl\/wp-content\/uploads\/2025\/10\/DJI_0274-1536x1151.jpg 1536w, https:\/\/baltchem.com.pl\/wp-content\/uploads\/2025\/10\/DJI_0274-2048x1535.jpg 2048w\" sizes=\"(max-width: 1024px) 100vw, 1024px\" \/>\t\t\t\t\t\t\t\t\t\t\t\t\t\t\t<\/div>\n\t\t\t\t<\/div>\n\t\t<div class=\"elementor-element elementor-element-43e4686 e-con-full e-flex e-con e-child\" data-id=\"43e4686\" data-element_type=\"container\">\n\t\t<div class=\"elementor-element elementor-element-e72eb17 e-flex e-con-boxed e-con e-child\" data-id=\"e72eb17\" data-element_type=\"container\">\n\t\t\t\t\t<div class=\"e-con-inner\">\n\t\t<div class=\"elementor-element elementor-element-77ea65a e-con-fit e-flex e-con e-child\" data-id=\"77ea65a\" data-element_type=\"container\">\n\t\t\t\t<div class=\"elementor-element elementor-element-7209abc elementor-align-left elementor-widget elementor-widget-the7_icon_widget\" data-id=\"7209abc\" data-element_type=\"widget\" data-widget_type=\"the7_icon_widget.default\">\n\t\t\t\t<div class=\"elementor-widget-container\">\n\t\t\t\t\t<div class=\"the7-icon-wrapper the7-elementor-widget\"><div class=\"elementor-icon\"><svg aria-hidden=\"true\" class=\"e-font-icon-svg e-fas-cubes\" viewBox=\"0 0 512 512\" xmlns=\"http:\/\/www.w3.org\/2000\/svg\"><path d=\"M488.6 250.2L392 214V105.5c0-15-9.3-28.4-23.4-33.7l-100-37.5c-8.1-3.1-17.1-3.1-25.3 0l-100 37.5c-14.1 5.3-23.4 18.7-23.4 33.7V214l-96.6 36.2C9.3 255.5 0 268.9 0 283.9V394c0 13.6 7.7 26.1 19.9 32.2l100 50c10.1 5.1 22.1 5.1 32.2 0l103.9-52 103.9 52c10.1 5.1 22.1 5.1 32.2 0l100-50c12.2-6.1 19.9-18.6 19.9-32.2V283.9c0-15-9.3-28.4-23.4-33.7zM358 214.8l-85 31.9v-68.2l85-37v73.3zM154 104.1l102-38.2 102 38.2v.6l-102 41.4-102-41.4v-.6zm84 291.1l-85 42.5v-79.1l85-38.8v75.4zm0-112l-102 41.4-102-41.4v-.6l102-38.2 102 38.2v.6zm240 112l-85 42.5v-79.1l85-38.8v75.4zm0-112l-102 41.4-102-41.4v-.6l102-38.2 102 38.2v.6z\"><\/path><\/svg><\/div><\/div>\t\t\t\t<\/div>\n\t\t\t\t<\/div>\n\t\t\t\t<\/div>\n\t\t<div class=\"elementor-element elementor-element-e9ea03d e-con-full e-flex e-con e-child\" data-id=\"e9ea03d\" data-element_type=\"container\">\n\t\t\t\t<div class=\"elementor-element elementor-element-9211a81 elementor-widget-tablet__width-inherit elementor-widget elementor-widget-the7-heading\" data-id=\"9211a81\" data-element_type=\"widget\" data-widget_type=\"the7-heading.default\">\n\t\t\t\t<div class=\"elementor-widget-container\">\n\t\t\t\t\t<div class=\"the7-heading-title elementor-size-default\">Reloading services<\/div>\t\t\t\t<\/div>\n\t\t\t\t<\/div>\n\t\t\t\t<div class=\"elementor-element elementor-element-ed31a52 elementor-widget elementor-widget-text-editor\" data-id=\"ed31a52\" data-element_type=\"widget\" data-widget_type=\"text-editor.default\">\n\t\t\t\t\t\t\t\t\t<p>Oferujemy prze\u0142adunek i spedycj\u0119 m.in. produkt\u00f3w ropopochodnych i innych produkt\u00f3w p\u0142ynnych. <\/p>\t\t\t\t\t\t\t\t<\/div>\n\t\t\t\t<\/div>\n\t\t\t\t\t<\/div>\n\t\t\t\t<\/div>\n\t\t<div class=\"elementor-element elementor-element-c3d2038 e-flex e-con-boxed e-con e-child\" data-id=\"c3d2038\" data-element_type=\"container\">\n\t\t\t\t\t<div class=\"e-con-inner\">\n\t\t<div class=\"elementor-element elementor-element-0b5bb2c e-con-fit e-flex e-con e-child\" data-id=\"0b5bb2c\" data-element_type=\"container\">\n\t\t\t\t<div class=\"elementor-element elementor-element-0da11d8 elementor-align-left elementor-widget elementor-widget-the7_icon_widget\" data-id=\"0da11d8\" data-element_type=\"widget\" data-widget_type=\"the7_icon_widget.default\">\n\t\t\t\t<div class=\"elementor-widget-container\">\n\t\t\t\t\t<div class=\"the7-icon-wrapper the7-elementor-widget\"><div class=\"elementor-icon\"><svg aria-hidden=\"true\" class=\"e-font-icon-svg e-far-calendar-check\" viewBox=\"0 0 448 512\" xmlns=\"http:\/\/www.w3.org\/2000\/svg\"><path d=\"M400 64h-48V12c0-6.627-5.373-12-12-12h-40c-6.627 0-12 5.373-12 12v52H160V12c0-6.627-5.373-12-12-12h-40c-6.627 0-12 5.373-12 12v52H48C21.49 64 0 85.49 0 112v352c0 26.51 21.49 48 48 48h352c26.51 0 48-21.49 48-48V112c0-26.51-21.49-48-48-48zm-6 400H54a6 6 0 0 1-6-6V160h352v298a6 6 0 0 1-6 6zm-52.849-200.65L198.842 404.519c-4.705 4.667-12.303 4.637-16.971-.068l-75.091-75.699c-4.667-4.705-4.637-12.303.068-16.971l22.719-22.536c4.705-4.667 12.303-4.637 16.97.069l44.104 44.461 111.072-110.181c4.705-4.667 12.303-4.637 16.971.068l22.536 22.718c4.667 4.705 4.636 12.303-.069 16.97z\"><\/path><\/svg><\/div><\/div>\t\t\t\t<\/div>\n\t\t\t\t<\/div>\n\t\t\t\t<\/div>\n\t\t<div class=\"elementor-element elementor-element-b5c2996 e-con-full e-flex e-con e-child\" data-id=\"b5c2996\" data-element_type=\"container\">\n\t\t\t\t<div class=\"elementor-element elementor-element-ae190a2 elementor-widget-tablet__width-inherit elementor-widget elementor-widget-the7-heading\" data-id=\"ae190a2\" data-element_type=\"widget\" data-widget_type=\"the7-heading.default\">\n\t\t\t\t<div class=\"elementor-widget-container\">\n\t\t\t\t\t<div class=\"the7-heading-title elementor-size-default\">AEO Certificate<\/div>\t\t\t\t<\/div>\n\t\t\t\t<\/div>\n\t\t\t\t<div class=\"elementor-element elementor-element-a1367b7 elementor-widget elementor-widget-image\" data-id=\"a1367b7\" data-element_type=\"widget\" data-widget_type=\"image.default\">\n\t\t\t\t\t\t\t\t\t\t\t\t\t\t\t<img decoding=\"async\" width=\"1024\" height=\"576\" src=\"https:\/\/baltchem.com.pl\/wp-content\/uploads\/2025\/10\/AEO-certyfikat-1024x576.webp\" class=\"attachment-large size-large wp-image-19579\" alt=\"\" srcset=\"https:\/\/baltchem.com.pl\/wp-content\/uploads\/2025\/10\/AEO-certyfikat-1024x576.webp 1024w, https:\/\/baltchem.com.pl\/wp-content\/uploads\/2025\/10\/AEO-certyfikat-300x169.webp 300w, https:\/\/baltchem.com.pl\/wp-content\/uploads\/2025\/10\/AEO-certyfikat-768x432.webp 768w, https:\/\/baltchem.com.pl\/wp-content\/uploads\/2025\/10\/AEO-certyfikat-1536x864.webp 1536w, https:\/\/baltchem.com.pl\/wp-content\/uploads\/2025\/10\/AEO-certyfikat.webp 1920w\" sizes=\"(max-width: 1024px) 100vw, 1024px\" \/>\t\t\t\t\t\t\t\t\t\t\t\t\t\t\t<\/div>\n\t\t\t\t<div class=\"elementor-element elementor-element-82a1371 elementor-widget elementor-widget-text-editor\" data-id=\"82a1371\" data-element_type=\"widget\" data-widget_type=\"text-editor.default\">\n\t\t\t\t\t\t\t\t\t<p>Since February, 2017 we have had the Authorised Economic Operator Certificate with the numer PLAEOF420000170072. <\/p>\t\t\t\t\t\t\t\t<\/div>\n\t\t\t\t<\/div>\n\t\t\t\t\t<\/div>\n\t\t\t\t<\/div>\n\t\t<div class=\"elementor-element elementor-element-2a973e1 e-flex e-con-boxed e-con e-child\" data-id=\"2a973e1\" data-element_type=\"container\">\n\t\t\t\t\t<div class=\"e-con-inner\">\n\t\t<div class=\"elementor-element elementor-element-e2bf9e9 e-con-fit e-flex e-con e-child\" data-id=\"e2bf9e9\" data-element_type=\"container\">\n\t\t\t\t<div class=\"elementor-element elementor-element-026a3d9 elementor-align-left elementor-widget elementor-widget-the7_icon_widget\" data-id=\"026a3d9\" data-element_type=\"widget\" data-widget_type=\"the7_icon_widget.default\">\n\t\t\t\t<div class=\"elementor-widget-container\">\n\t\t\t\t\t<div class=\"the7-icon-wrapper the7-elementor-widget\"><div class=\"elementor-icon\"><svg aria-hidden=\"true\" class=\"e-font-icon-svg e-fas-hands-helping\" viewBox=\"0 0 640 512\" xmlns=\"http:\/\/www.w3.org\/2000\/svg\"><path d=\"M488 192H336v56c0 39.7-32.3 72-72 72s-72-32.3-72-72V126.4l-64.9 39C107.8 176.9 96 197.8 96 220.2v47.3l-80 46.2C.7 322.5-4.6 342.1 4.3 357.4l80 138.6c8.8 15.3 28.4 20.5 43.7 11.7L231.4 448H368c35.3 0 64-28.7 64-64h16c17.7 0 32-14.3 32-32v-64h8c13.3 0 24-10.7 24-24v-48c0-13.3-10.7-24-24-24zm147.7-37.4L555.7 16C546.9.7 527.3-4.5 512 4.3L408.6 64H306.4c-12 0-23.7 3.4-33.9 9.7L239 94.6c-9.4 5.8-15 16.1-15 27.1V248c0 22.1 17.9 40 40 40s40-17.9 40-40v-88h184c30.9 0 56 25.1 56 56v28.5l80-46.2c15.3-8.9 20.5-28.4 11.7-43.7z\"><\/path><\/svg><\/div><\/div>\t\t\t\t<\/div>\n\t\t\t\t<\/div>\n\t\t\t\t<\/div>\n\t\t<div class=\"elementor-element elementor-element-a9a9349 e-con-full e-flex e-con e-child\" data-id=\"a9a9349\" data-element_type=\"container\">\n\t\t\t\t<div class=\"elementor-element elementor-element-5011d7f elementor-widget-tablet__width-inherit elementor-widget elementor-widget-the7-heading\" data-id=\"5011d7f\" data-element_type=\"widget\" data-widget_type=\"the7-heading.default\">\n\t\t\t\t<div class=\"elementor-widget-container\">\n\t\t\t\t\t<div class=\"the7-heading-title elementor-size-default\">Cooperation and investment<\/div>\t\t\t\t<\/div>\n\t\t\t\t<\/div>\n\t\t\t\t<div class=\"elementor-element elementor-element-9326e2d elementor-widget elementor-widget-text-editor\" data-id=\"9326e2d\" data-element_type=\"widget\" data-widget_type=\"text-editor.default\">\n\t\t\t\t\t\t\t\t\t<p>The Baltchem S.A. premises are a promising area for cooperation and investment inthe heart of the Szczecin\u2019s Harbour.<\/p>\t\t\t\t\t\t\t\t<\/div>\n\t\t\t\t<\/div>\n\t\t\t\t\t<\/div>\n\t\t\t\t<\/div>\n\t\t\t\t<\/div>\n\t\t\t\t\t<\/div>\n\t\t\t\t<\/div>\n\t\t\t\t<\/div>\n\t\t<div class=\"elementor-element elementor-element-b7e9342 e-con-full e-flex e-con e-child\" data-id=\"b7e9342\" data-element_type=\"container\" data-settings=\"{&quot;background_background&quot;:&quot;classic&quot;}\">\n\t\t<div class=\"elementor-element elementor-element-32ab693 e-flex e-con-boxed e-con e-child\" data-id=\"32ab693\" data-element_type=\"container\">\n\t\t\t\t\t<div class=\"e-con-inner\">\n\t\t<div class=\"elementor-element elementor-element-34db603 e-con-full e-flex e-con e-child\" data-id=\"34db603\" data-element_type=\"container\">\n\t\t\t\t<div class=\"elementor-element elementor-element-2a063c5 elementor-widget-tablet__width-inherit elementor-widget elementor-widget-the7-heading\" data-id=\"2a063c5\" data-element_type=\"widget\" data-widget_type=\"the7-heading.default\">\n\t\t\t\t<div class=\"elementor-widget-container\">\n\t\t\t\t\t<h2 class=\"the7-heading-title elementor-size-default\">Contact with us!<\/h2>\t\t\t\t<\/div>\n\t\t\t\t<\/div>\n\t\t\t\t<\/div>\n\t\t<div class=\"elementor-element elementor-element-56fdae4 e-con-full e-flex e-con e-child\" data-id=\"56fdae4\" data-element_type=\"container\">\n\t\t\t\t<div class=\"elementor-element elementor-element-f2cee6b elementor-align-center elementor-widget elementor-widget-the7_button_widget\" data-id=\"f2cee6b\" data-element_type=\"widget\" data-widget_type=\"the7_button_widget.default\">\n\t\t\t\t<div class=\"elementor-widget-container\">\n\t\t\t\t\t<div class=\"elementor-button-wrapper\"><a href=\"https:\/\/baltchem.com.pl\/en\/contact\/\" class=\"box-button elementor-button elementor-size-lg\">Contact<\/a><\/div>\t\t\t\t<\/div>\n\t\t\t\t<\/div>\n\t\t\t\t<\/div>\n\t\t\t\t\t<\/div>\n\t\t\t\t<\/div>\n\t\t\t\t<\/div>\n\t\t\t\t<\/div>\n\t\t","protected":false},"excerpt":{"rendered":"<p>Reloading and storage are our specialty Trust the specialists in fuel reloading and storage Learn more Baltchem S.A. Chemical Company in Szczecin For over 20 years we have been reloading, storing and distributing liquids fuels. Our terminals in Szczecin and \u015awinouj\u015bcie ensure the efficient and safe handling of petroleum products in compliance with the highest&hellip;<\/p>\n","protected":false},"author":1,"featured_media":0,"parent":0,"menu_order":2,"comment_status":"closed","ping_status":"closed","template":"elementor_header_footer","meta":{"footnotes":""},"class_list":["post-19575","page","type-page","status-publish","hentry"],"_links":{"self":[{"href":"https:\/\/baltchem.com.pl\/en\/wp-json\/wp\/v2\/pages\/19575","targetHints":{"allow":["GET"]}}],"collection":[{"href":"https:\/\/baltchem.com.pl\/en\/wp-json\/wp\/v2\/pages"}],"about":[{"href":"https:\/\/baltchem.com.pl\/en\/wp-json\/wp\/v2\/types\/page"}],"author":[{"embeddable":true,"href":"https:\/\/baltchem.com.pl\/en\/wp-json\/wp\/v2\/users\/1"}],"replies":[{"embeddable":true,"href":"https:\/\/baltchem.com.pl\/en\/wp-json\/wp\/v2\/comments?post=19575"}],"version-history":[{"count":18,"href":"https:\/\/baltchem.com.pl\/en\/wp-json\/wp\/v2\/pages\/19575\/revisions"}],"predecessor-version":[{"id":19663,"href":"https:\/\/baltchem.com.pl\/en\/wp-json\/wp\/v2\/pages\/19575\/revisions\/19663"}],"wp:attachment":[{"href":"https:\/\/baltchem.com.pl\/en\/wp-json\/wp\/v2\/media?parent=19575"}],"curies":[{"name":"wp","href":"https:\/\/api.w.org\/{rel}","templated":true}]}}